{"id":59,"date":"2017-09-01T08:33:29","date_gmt":"2017-09-01T08:33:29","guid":{"rendered":"https:\/\/www.zijnsdans-danszijn.be\/?page_id=59"},"modified":"2018-02-07T22:08:20","modified_gmt":"2018-02-07T22:08:20","slug":"meditatieve-yoga","status":"publish","type":"page","link":"https:\/\/www.zijnsdans-danszijn.be\/?page_id=59","title":{"rendered":"MEDITATIEVE YOGA"},"content":{"rendered":"<p>[et_pb_section bb_built=&#8221;1&#8243; _builder_version=&#8221;3.0.71&#8243; background_image=&#8221;https:\/\/www.zijnsdans-danszijn.be\/wp-content\/uploads\/2017\/09\/MOOI-3.png&#8221;][et_pb_row][et_pb_column type=&#8221;4_4&#8243;][et_pb_image _builder_version=&#8221;3.0.71&#8243; src=&#8221;https:\/\/www.zijnsdans-danszijn.be\/wp-content\/uploads\/2017\/09\/LIVEYOG@ART.png&#8221; show_in_lightbox=&#8221;off&#8221; url_new_window=&#8221;off&#8221; use_overlay=&#8221;off&#8221; sticky=&#8221;off&#8221; align=&#8221;left&#8221; always_center_on_mobile=&#8221;on&#8221; border_style=&#8221;solid&#8221; force_fullwidth=&#8221;off&#8221; \/][et_pb_text _builder_version=&#8221;3.0.71&#8243; background_layout=&#8221;light&#8221; text_orientation=&#8221;left&#8221; border_style=&#8221;solid&#8221;]<\/p>\n<div style=\"direction: ltr;\">\n<table style=\"direction: ltr; border-collapse: collapse; border: 0pt solid #A3A3A3;\" border=\"0\" cellspacing=\"0\" cellpadding=\"0\">\n<tbody>\n<tr>\n<td style=\"border-width: 0pt; vertical-align: top; width: 7.6576in; padding: 4pt 4pt 4pt 4pt;\">\n<p style=\"margin: 0in; font-family: Arial; font-size: 13.5pt; color: black; text-align: center;\"><span style=\"font-weight: bold; background: white;\">MEDITATIEVE YOGA<\/span><\/p>\n<\/td>\n<\/tr>\n<tr>\n<td style=\"border-width: 0pt; vertical-align: top; width: 7.6576in; padding: 4pt 4pt 4pt 4pt;\">\n<p style=\"margin: 0in; font-family: Arial; font-size: 9.0pt; color: black;\"><span style=\"font-weight: bold; background: white;\">Yoga wordt in de eerste plaats geassocieerd met fysieke oefeningen. Het grote succes van mindfulness toont de behoefte om een stap verder te zetten op de yoga-weg.<\/span><\/p>\n<p style=\"margin: 0in; font-family: Arial; font-size: 9.0pt; color: black;\"><span style=\"font-weight: bold; background: white;\">Meditatie, zelfkennis en aandacht zijn al eeuwen het grootste onderdeel van de klassieke Yoga beoefening. Maar deze vormen waren ons in het westen niet zo bekend.<\/span><\/p>\n<p style=\"margin: 0in; font-family: Arial; font-size: 9.0pt; color: black;\"><span style=\"font-weight: bold; background: white;\">Meditatieve yoga is\u00a0een integrale vorm van yoga gebaseerd op raja en hatha-yoga. De fysieke oefeningen (hatha) en meditatie (raja) krijgen hierin beiden een plek.<\/span><\/p>\n<p style=\"margin: 0in; font-family: Arial; font-size: 9.0pt; color: black;\"><span style=\"font-weight: bold; background: white;\">Het woord \u2018yoga&#8217; betekend in het Sanskriet verbinden, eenworden. Helen, heel worden, verbinden van de verschillende aspecten van het mens-zijn, fysieke, emotionele, mentale en zijns-dimensie.<\/span><\/p>\n<p style=\"margin: 0in; font-family: Arial; font-size: 9.0pt; color: black;\"><span style=\"font-weight: bold; background: white;\">Door middel van houdingen, ademhaling, beweging, klank en meditatie openen de weg naar een diepe ontspanning, aarding, innerlijke structuur, evenwicht, centreren, kracht, innerlijke rust en naar het integreren van het fysieke, emotionele en mentale niveau, waardoor heelheid ontstaat, heling en bewust-Zijn.\u00a0<\/span><\/p>\n<p style=\"margin: 0in; font-family: Arial; font-size: 9.0pt; color: black;\"><span style=\"font-weight: bold; background: white;\">Wanneer de golvingen van de geest stilvallen in meditatie worden we ons bewust van onze ware aard, bewustzijn.\u00a0<\/span><\/p>\n<p style=\"margin: 0in; font-family: Arial; font-size: 9.0pt; color: black; text-align: center;\"><span style=\"font-weight: bold; background: white;\">De veelheid van het leven\u00a0<\/span><\/p>\n<p style=\"margin: 0in; font-family: Arial; font-size: 9.0pt; color: black; text-align: center;\"><span style=\"font-weight: bold; background: white;\">vraagt een\u00a0<\/span><\/p>\n<p style=\"margin: 0in; font-family: Arial; font-size: 9.0pt; color: black; text-align: center;\"><span style=\"font-weight: bold; background: white;\">rustpunt\u00a0<\/span><\/p>\n<p style=\"margin: 0in; font-family: Arial; font-size: 9.0pt; color: black; text-align: center;\"><span style=\"font-weight: bold; background: white;\">dat je overal kan meenemen\u00a0<\/span><\/p>\n<p style=\"margin: 0in; font-family: Arial; font-size: 9.0pt; color: black; text-align: center;\"><span style=\"font-weight: bold; background: white;\">diep in jezelf.\u00a0<\/span><\/p>\n<p style=\"margin: 0in; font-family: Arial; font-size: 9.0pt; color: black; text-align: center;\"><span style=\"font-weight: bold; background: white;\">Jouw lichaam wijst je de weg\u00a0<\/span><\/p>\n<p style=\"margin: 0in; font-family: Arial; font-size: 9.0pt; color: black; text-align: center;\"><span style=\"font-weight: bold; background: white;\">naar evenwicht\u00a0<\/span><\/p>\n<p style=\"margin: 0in; font-family: Arial; font-size: 9.0pt; color: black; text-align: center;\"><span style=\"font-weight: bold; background: white;\">in beweging en rust\u00a0<\/span><\/p>\n<p style=\"margin: 0in; font-family: Arial; font-size: 9.0pt; color: black; text-align: center;\"><span style=\"font-weight: bold; background: white;\">naar je dragende\u00a0<\/span><\/p>\n<p style=\"margin: 0in; font-family: Arial; font-size: 9.0pt; color: black; text-align: center;\"><span style=\"font-weight: bold; background: white;\">midden.\u00a0<\/span><\/p>\n<p style=\"margin: 0in; font-family: Arial; font-size: 9.0pt; color: black; text-align: center;\"><span style=\"font-weight: bold; background: white;\">Centrum van oorspronkelijke kracht\u00a0<\/span><\/p>\n<p style=\"margin: 0in; font-family: Arial; font-size: 9.0pt; color: black; text-align: center;\"><span style=\"font-weight: bold; background: white;\">met aardse stevigheid\u00a0<\/span><\/p>\n<p style=\"margin: 0in; font-family: Arial; font-size: 9.0pt; color: black; text-align: center;\"><span style=\"font-weight: bold; background: white;\">verbonden\u00a0<\/span><\/p>\n<p style=\"margin: 0in; font-family: Arial; font-size: 9.0pt; color: black; text-align: center;\"><span style=\"font-weight: bold; background: white;\">met ruimte en licht.<\/span><\/p>\n<p style=\"margin: 0in; font-family: Arial; font-size: 9.0pt; color: black; text-align: center;\"><span style=\"font-weight: bold; background: white;\">Ademend Aanwezig\u00a0<\/span><\/p>\n<p style=\"margin: 0in; font-family: Arial; font-size: 9.0pt; color: black; text-align: center;\"><span style=\"font-weight: bold; background: white;\">Zijn<\/span><\/p>\n<p style=\"margin: 0in; font-family: Arial; font-size: 9.0pt; color: black; text-align: center;\"><span style=\"font-weight: bold; background: white;\">in de spontane vreugde\u00a0van de levensstroom.<\/span><\/p>\n<p style=\"margin: 0in; font-family: Arial; font-size: 9.0pt; color: black;\"><span style=\"font-weight: bold; text-decoration: underline; background: white;\">Voor wie:<\/span><span style=\"font-weight: bold; background: white;\">\u00a0<\/span><\/p>\n<p style=\"margin: 0in; font-family: Arial; font-size: 9.0pt; color: black;\"><span style=\"font-weight: bold; background: white;\">Deze vorm van yoga kan door iedereen beoefend worden. We beginnen met eenvoudige oefeningen, die het mogelijk maken om in contact te blijven met het lichaam en haar werking, vermogens en beperkingen te leren kennen en\u00a0te genieten!<\/span><\/p>\n<p style=\"margin: 0in; font-family: Arial; font-size: 9.0pt; color: black;\"><span style=\"font-weight: bold; background: white;\">Stap voor stap worden de oefeningen moeilijker op ieders eigen ritme. Er wordt op een manier gewerkt waarbij ieder haar\/zijn eigen ritme trouw kan blijven op lichamelijk,\u00a0emotioneel, mentaal en spiritueel niveau. Je komt voor \u2018jezelf&#8217; en neemt op wat bij je past op dat moment, de rest laat je los.\u00a0<\/span><\/p>\n<p style=\"margin: 0in; font-family: Arial; font-size: 9.0pt; color: black;\"><span style=\"font-weight: bold; background: white;\">Daardoor wordt deze yoga ook bij lichamelijke beperkingen of in perioden van moeilijk functioneren toegankelijk. Voor de meeste klachten of vragen heeft deze vorm van yoga een antwoord.<\/span><\/p>\n<p style=\"margin: 0in; font-family: Arial; font-size: 9.0pt; color: black;\"><span style=\"font-weight: bold; text-decoration: underline; background: white;\">Achtergrondfilosofie en werkwijze:<\/span><\/p>\n<p style=\"margin: 0in; font-family: Arial; font-size: 9.0pt; color: black;\"><span style=\"font-weight: bold; background: white;\">Meditatieve yoga\u00a0\u2013\u00a0Raja yoga\u00a0\u2013\u00a0Hatha yoga<\/span><\/p>\n<p style=\"margin: 0in; font-family: Arial; font-size: 9.0pt; color: black;\"><span style=\"font-weight: bold; background: white;\">Yoga wordt een ervaringswetenschap genoemd. Inzicht wordt niet via het intellect, maar via de ervaring overgedragen. Daarom de uitnodiging\u00a0\u2018kom yoga ervaren&#8217;.<\/span><\/p>\n<p style=\"margin: 0in; font-family: Arial; font-size: 9.0pt; color: black; text-align: center;\"><span style=\"font-weight: bold; background: white;\">EEN WEG\u00a0<\/span><\/p>\n<p style=\"margin: 0in; font-family: Arial; font-size: 9.0pt; color: black; text-align: center;\"><span style=\"font-weight: bold; background: white;\">HET LICHAAM\u00a0<\/span><\/p>\n<p style=\"margin: 0in; font-family: Arial; font-size: 9.0pt; color: black; text-align: center;\"><span style=\"font-weight: bold; background: white;\">ALS POORT\u00a0<\/span><\/p>\n<p style=\"margin: 0in; font-family: Arial; font-size: 9.0pt; color: black; text-align: center;\"><span style=\"font-weight: bold; background: white;\">TOT EEN IN ERVARING\u00a0<\/span><\/p>\n<p style=\"margin: 0in; font-family: Arial; font-size: 9.0pt; color: black; text-align: center;\"><span style=\"font-weight: bold; background: white;\">GEGRONDE\u00a0<\/span><\/p>\n<p style=\"margin: 0in; font-family: Arial; font-size: 9.0pt; color: black; text-align: center;\"><span style=\"font-weight: bold; background: white;\">WIJSHEID<\/span><\/p>\n<p style=\"margin: 0in; font-family: Arial; font-size: 9.0pt; color: black;\"><span style=\"font-weight: bold; background: white;\">Medtatieve yoga is een weg naar binnen. Wij zoeken \u2018het&#8217;\u00a0meestal buiten onszelf. Yoga vertrekt van het inzicht dat alles wat je nodig hebt al in jezelf aanwezig is. Stap voor stap openbaard zich de wijsheid van je \u2018Lichaam&#8217;.\u00a0<\/span><\/p>\n<p style=\"margin: 0in; font-family: Arial; font-size: 9.0pt; color: black;\"><span style=\"font-weight: bold; background: white;\">Het lichaam is ons wonderlijke instrument hier op aarde, jouw stukje levende aarde en materie. Het is als een muziek instrument zo fijnbesnaard, en wordt &#8216;veena&#8217; genoemd. En als we dit instrument, goed verzorgen en subtiel leren stemmen, brengt het de prachtigste muziek voort. Innerlijke muziek&#8230;en ook in de buitenwereld biedt het ons zovele vermogens.<\/span><\/p>\n<p style=\"margin: 0in; font-family: Arial; font-size: 9.0pt; color: black;\"><span style=\"font-weight: bold; background: white;\">&#8216;De grote wijsheid van het lichaam versus de kleine wijsheid van het verstand,&#8217; zei Nietsche.<\/span><\/p>\n<p style=\"margin: 0in; font-family: Arial; font-size: 9.0pt; color: black;\"><span style=\"font-weight: bold; background: white;\">Het is een micro-cosmos waarin het hele grootse heelal weerspiegelt wordt. In meditatieve yoga krijgen we de kans om van deze diepe luistertaak te \u2018genieten&#8217;.<\/span><\/p>\n<p style=\"margin: 0in; font-family: Arial; font-size: 9.0pt; color: black; text-align: center;\"><span style=\"font-weight: bold; background: white;\">&#8216;Eens zal de mens oneindig ver in de ruimte\u00a0<\/span><\/p>\n<p style=\"margin: 0in; font-family: Arial; font-size: 9.0pt; color: black; text-align: center;\"><span style=\"font-weight: bold; background: white;\">ontdekken dat stof en geest \u00e9\u00e9n zijn.\u00a0<\/span><\/p>\n<p style=\"margin: 0in; font-family: Arial; font-size: 9.0pt; color: black; text-align: center;\"><span style=\"font-weight: bold; background: white;\">Als hij diep genoeg had kunnen afdalen\u00a0<\/span><\/p>\n<p style=\"margin: 0in; font-family: Arial; font-size: 9.0pt; color: black; text-align: center;\"><span style=\"font-weight: bold; background: white;\">in zichzelf zou hij hetzelfde hebben ontdekt.&#8217;<\/span><\/p>\n<p style=\"margin: 0in; font-family: Arial; font-size: 9.0pt; color: black; text-align: center;\"><span style=\"font-weight: bold; background: white;\">(Einstein)<\/span><\/p>\n<p style=\"margin: 0in; font-family: Arial; font-size: 9.0pt; color: black;\"><span style=\"font-weight: bold; background: white;\">We hebben de neiging om ons te identificeren met ons fysieke lichaam&#8230;We houden ons vooral bezig met de buitenkant..mooi, lelijk, sterk, te dik, te dun&#8230;Wanneer we onze aandacht naar binnen laten gaan, kunnen we ons &#8216;innerlijke lichaam&#8217; gewaar worden. Het lichaam gaat dan vanbinnen voor ons open.\u00a0<\/span><\/p>\n<p style=\"margin: 0in; font-family: Arial; font-size: 9.0pt; color: black;\"><span style=\"font-weight: bold; background: white;\">Het is een lichaam van levensenergie en de poort van de vorm naar de ruimte, de stilte, naar aanwezig &#8216;Zijn&#8217;. Dit is je diepste identiteit..daar val je samen met jeZelf.<\/span><\/p>\n<p style=\"margin: 0in; font-family: Arial; font-size: 9.0pt; color: black; text-align: center;\"><span style=\"font-weight: bold; background: white;\">EEN WEG\u00a0<\/span><\/p>\n<p style=\"margin: 0in; font-family: Arial; font-size: 9.0pt; color: black; text-align: center;\"><span style=\"font-weight: bold; background: white;\">HET LICHAAM\u00a0<\/span><\/p>\n<p style=\"margin: 0in; font-family: Arial; font-size: 9.0pt; color: black; text-align: center;\"><span style=\"font-weight: bold; background: white;\">ALS POORT\u00a0<\/span><\/p>\n<p style=\"margin: 0in; font-family: Arial; font-size: 9.0pt; color: black; text-align: center;\"><span style=\"font-weight: bold; background: white;\">TOT HET INNERLIJKE\u00a0<\/span><\/p>\n<p style=\"margin: 0in; font-family: Arial; font-size: 9.0pt; color: black; text-align: center;\"><span style=\"font-weight: bold; background: white;\">HEEL-AL\u00a0<\/span><\/p>\n<p style=\"margin: 0in; font-family: Arial; font-size: 9.0pt; color: black; text-align: center;\"><span style=\"font-weight: bold; background: white;\">ZIJN<\/span><\/p>\n<p style=\"margin: 0in; font-family: Arial; font-size: 9.0pt; color: black;\"><span style=\"font-weight: bold; background: white;\">Lichaamsbewustzijn verankert je in het huidige moment, in het NU. En door de werking van de wijsheid van het lichaam toe te laten versterkt bovendien het immuunsysteem en het zelfgenezend vermogen van het lichaam.<\/span><\/p>\n<p style=\"margin: 0in; font-family: Arial; font-size: 9.0pt; color: black;\"><span style=\"font-weight: bold; background: white;\">Het lichaam is als een gids, een vriend, die steeds bij ons is en al onze verhalen in haar celgeheugen opgeslagen heeft. Het lichaam spreekt de taal van het diepste zelf en openbaart haar boodschappen door signalen te geven.<\/span><\/p>\n<p style=\"margin: 0in; font-family: Arial; font-size: 9.0pt; color: black;\"><span style=\"font-weight: bold; background: white;\">Zo begint de reis met je lichaam te bewonen met je aandacht. Luisterend, beadem je je lichaam van binnenuit. Tastend met je aandacht, met je adem je lichaam herontdekken als een prachtig kunstwerk, bespelen als muziekinstrument, een veena.<\/span><\/p>\n<p style=\"margin: 0in; font-family: Arial; font-size: 9.0pt; color: black; text-align: center;\"><span style=\"font-weight: bold; background: white;\">&#8216;Hier in dit lichaam vind je de heilige rivieren\u00a0<\/span><\/p>\n<p style=\"margin: 0in; font-family: Arial; font-size: 9.0pt; color: black; text-align: center;\"><span style=\"font-weight: bold; background: white;\">je vind er de zon en de maan\u00a0<\/span><\/p>\n<p style=\"margin: 0in; font-family: Arial; font-size: 9.0pt; color: black; text-align: center;\"><span style=\"font-weight: bold; background: white;\">en alle pelgrimsoorden\u00a0<\/span><\/p>\n<p style=\"margin: 0in; font-family: Arial; font-size: 9.0pt; color: black; text-align: center;\"><span style=\"font-weight: bold; background: white;\">Ik heb nog nooit een verhevener tempel\u00a0<\/span><\/p>\n<p style=\"margin: 0in; font-family: Arial; font-size: 9.0pt; color: black; text-align: center;\"><span style=\"font-weight: bold; background: white;\">tegengekomen dan mijn eigen lichaam.&#8217;<\/span><\/p>\n<p style=\"margin: 0in; font-family: Arial; font-size: 9.0pt; color: black; text-align: center;\"><span style=\"font-weight: bold; background: white;\">(Saraha Doha)\u00a0\u00a0<\/span><\/p>\n<p style=\"margin: 0in; font-family: Arial; font-size: 9.0pt; color: black;\"><span style=\"font-weight: bold; background: white;\">Yogatechnieken hebben een diepe uitwerking op de bloedcirculatie, spieren, spijsvertering, ontlasting, organen, zenuwstelsel, endocriene klieren,\u00a0lichaamshouding, gewicht, energiehuishouding, vitaliteit, gevoelens en gedachten.\u00a0Ze harmoniseren, stimuleren, versoepelen, regenereren, werken rustgevend, versterken en helen lichaam en geest.<\/span><\/p>\n<p style=\"margin: 0in; font-family: Arial; font-size: 9.0pt; color: black;\"><span style=\"font-weight: bold; background: white;\">Raja Yoga is een yogaweg waar het fysieke aspect een onderdeel van uit maakt. In het Westen is het de meest gekende trede, als Hatha Yoga. De lichaamshoudingen, asana\u00a0&#8216;\u00a0s worden in meditatieve yoga gezien als een middel, maar geen doel op zich. Asana wordt gezien als lichaamshouding, maar ook als emotionele, mentale en spirituele houding.<\/span><\/p>\n<p style=\"margin: 0in; font-family: Arial; font-size: 9.0pt; color: black;\"><span style=\"font-weight: bold; background: white;\">In 200 voor Christus heeft Maharishi Patanjali deze klassieke yoga-weg, raja yoga genoemd, neergeschreven in de\u00a0\u2018\u00a0Yogasutra\u00a0&#8216;\u00a0s\u00a0&#8216;\u00a0. In dit werk geeft hij een overzicht van de vele yogawegen, waarvan hij de essentie weergeeft in een universele yoga-weg. Deze weg bestaat uit acht treden : yama, niyama, asana, pranayama, pratyahara, dharana, dhyana, samadhi.<\/span><\/p>\n<p style=\"margin: 0in; font-family: Arial; font-size: 9.0pt; color: black;\"><span style=\"font-weight: bold; background: white;\">Raja yoga wordt de koninklijke weg genoemd. Het is een weg van transformatie, waarin het fysieke lichaam, het emotionele en het mentale lichaam (de mind), en het spirituele lichaam gezuiverd en ge\u00efntegreerd worden .\u00a0<\/span><\/p>\n<p style=\"margin: 0in; font-family: Arial; font-size: 9.0pt; color: black;\"><span style=\"font-weight: bold; background: white;\">De wervelingen van de geest, mentale en emotionele, worden vritti\u00a0&#8216;\u00a0s genoemd.\u00a0<\/span><\/p>\n<p style=\"margin: 0in; font-family: Arial; font-size: 9.0pt; color: black;\"><span style=\"font-weight: bold; background: white;\">Het\u00a0\u2018\u00a0laten stilvallen van de wervelingen van de geest\u00a0&#8216;\u00a0;\u00a0\u2018\u00a0Yoga chitta vritti nirodha&#8217;,\u00a0is de uitdaging om tot een diepe innerlijke rust te komen.\u00a0\u2018<\/span><\/p>\n<p style=\"margin: 0in; font-family: Arial; font-size: 9.0pt; color: black;\"><span style=\"font-weight: bold; background: white;\">Vanuit deze diepe innerlijke rust onthult de \u2018Waarnemer&#8217; zich en komt men tot besef van het ware \u2018Zelf&#8217;.<\/span><\/p>\n<p style=\"margin: 0in; font-family: Arial; font-size: 9.0pt; color: black;\"><span style=\"font-weight: bold; background: white;\">Dus in deze weg vindt men zowel de lichamelijke houdingen,\u00a0asana (zoals in hatha yoga), als het energetische werking, pranayama.\u00a0<\/span><\/p>\n<p style=\"margin: 0in; font-family: Arial; font-size: 9.0pt; color: black;\"><span style=\"font-weight: bold; background: white;\">Het toepassen en integreren van Yoga in de praktijk van het dagelijkse leven, vinden we terug in yama, in uiterlijke houdingen en handelingen.\u00a0 En in nyama zien we de innerlijke houdingen en zelfonderzoek.\u00a0<\/span><\/p>\n<p style=\"margin: 0in; font-family: Arial; font-size: 9.0pt; color: black;\"><span style=\"font-weight: bold; background: white;\">Het meditatieve onderdeel vinden we terug in pratyahara betekend het terugtrekken van de zintuigen.\u00a0<\/span><\/p>\n<p style=\"margin: 0in; font-family: Arial; font-size: 9.0pt; color: black;\"><span style=\"font-weight: bold; background: white;\">In dharana gebeurd het bundelen van de aandacht in \u00e9\u00e9n gebied. Dhyana, meditatie, houdt het gevestigd blijven in \u00e9\u00e9n punt van aandacht in. En in samadhi ervaren we het samenvallen met het Zelf, het Bewust-Zijn.<\/span><\/p>\n<\/td>\n<\/tr>\n<\/tbody>\n<\/table>\n<\/div>\n<p>[\/et_pb_text][\/et_pb_column][\/et_pb_row][\/et_pb_section]<\/p>\n","protected":false},"excerpt":{"rendered":"<p>[et_pb_section bb_built=&#8221;1&#8243; _builder_version=&#8221;3.0.71&#8243; background_image=&#8221;https:\/\/www.zijnsdans-danszijn.be\/wp-content\/uploads\/2017\/09\/MOOI-3.png&#8221;][et_pb_row][et_pb_column type=&#8221;4_4&#8243;][et_pb_image _builder_version=&#8221;3.0.71&#8243; src=&#8221;https:\/\/www.zijnsdans-danszijn.be\/wp-content\/uploads\/2017\/09\/LIVEYOG@ART.png&#8221; show_in_lightbox=&#8221;off&#8221; url_new_window=&#8221;off&#8221; use_overlay=&#8221;off&#8221; sticky=&#8221;off&#8221; align=&#8221;left&#8221; always_center_on_mobile=&#8221;on&#8221; border_style=&#8221;solid&#8221; force_fullwidth=&#8221;off&#8221; \/][et_pb_text _builder_version=&#8221;3.0.71&#8243; background_layout=&#8221;light&#8221; text_orientation=&#8221;left&#8221; border_style=&#8221;solid&#8221;] MEDITATIEVE YOGA Yoga wordt in de eerste plaats geassocieerd met fysieke oefeningen. Het grote succes van mindfulness toont de behoefte om een stap verder te zetten op de yoga-weg. Meditatie, zelfkennis en aandacht zijn al [&hellip;]<\/p>\n","protected":false},"author":1,"featured_media":0,"parent":0,"menu_order":0,"comment_status":"closed","ping_status":"closed","template":"","meta":{"footnotes":""},"class_list":["post-59","page","type-page","status-publish","hentry"],"_links":{"self":[{"href":"https:\/\/www.zijnsdans-danszijn.be\/index.php?rest_route=\/wp\/v2\/pages\/59","targetHints":{"allow":["GET"]}}],"collection":[{"href":"https:\/\/www.zijnsdans-danszijn.be\/index.php?rest_route=\/wp\/v2\/pages"}],"about":[{"href":"https:\/\/www.zijnsdans-danszijn.be\/index.php?rest_route=\/wp\/v2\/types\/page"}],"author":[{"embeddable":true,"href":"https:\/\/www.zijnsdans-danszijn.be\/index.php?rest_route=\/wp\/v2\/users\/1"}],"replies":[{"embeddable":true,"href":"https:\/\/www.zijnsdans-danszijn.be\/index.php?rest_route=%2Fwp%2Fv2%2Fcomments&post=59"}],"version-history":[{"count":8,"href":"https:\/\/www.zijnsdans-danszijn.be\/index.php?rest_route=\/wp\/v2\/pages\/59\/revisions"}],"predecessor-version":[{"id":205,"href":"https:\/\/www.zijnsdans-danszijn.be\/index.php?rest_route=\/wp\/v2\/pages\/59\/revisions\/205"}],"wp:attachment":[{"href":"https:\/\/www.zijnsdans-danszijn.be\/index.php?rest_route=%2Fwp%2Fv2%2Fmedia&parent=59"}],"curies":[{"name":"wp","href":"https:\/\/api.w.org\/{rel}","templated":true}]}}